{"id":2021,"date":"2019-01-02T13:29:02","date_gmt":"2019-01-02T12:29:02","guid":{"rendered":"https:\/\/www.smans.nl\/?page_id=2021"},"modified":"2019-01-02T13:30:12","modified_gmt":"2019-01-02T12:30:12","slug":"servizi","status":"publish","type":"page","link":"https:\/\/www.smans.nl\/it\/servizi\/","title":{"rendered":"Servizi"},"content":{"rendered":"<p>[et_pb_section bb_built=&#8221;1&#8243;][et_pb_row][et_pb_column type=&#8221;4_4&#8243;][et_pb_text _builder_version=&#8221;3.3.1&#8243; background_layout=&#8221;light&#8221;]<\/p>\n<h1 id=\"content_title\" class=\"page-title\">Il sistema di tubazioni \u00e8 pronto per l&#8217;uso<\/h1>\n<p>Per completare il suo sistema di tubazioni o qualunque cosa che gli serva. Questo \u00e8 l&#8217;obiettivo di <em>Smans Products<\/em>. Ecco perch\u00e9 forniamo tutti gli accessori per tubi: adattatori, traverse e gomiti in PVC, PE e PP.<\/p>\n<p>Sta cercando qualcosa che non esiste ancora? Realizziamo per Lei, esattamente quello che vuole. E quando li manchi il tempo per costruirlo, lo aiutiamo noi: possiamo consegnarli tutti i nostri prodotti assemblati. Il suo sistema di tubazioni sar\u00e0 pronto pi\u00f9 veloce. Smans Products, sistemi di tubazioni pronti all&#8217;uso.<\/p>\n<p>[\/et_pb_text][\/et_pb_column][\/et_pb_row][\/et_pb_section]<\/p>\n","protected":false},"excerpt":{"rendered":"<p><div class=\"et_pb_row et_pb_row_0 et_pb_row_empty\">\n\t\t\t\t\n\t\t\t\t\n\t\t\t\t\n\t\t\t\t\n\t\t\t\t\n\t\t\t<\/div> Il sistema di tubazioni \u00e8 pronto per l&#8217;uso Per completare il suo sistema di tubazioni o qualunque cosa che gli serva. Questo \u00e8 l&#8217;obiettivo di Smans Products. Ecco perch\u00e9 forniamo tutti gli accessori per tubi: adattatori, traverse e gomiti in PVC, PE e PP. Sta cercando qualcosa che non esiste ancora? Realizziamo per Lei, [&hellip;]<\/p>\n","protected":false},"author":101015,"featured_media":0,"parent":0,"menu_order":0,"comment_status":"closed","ping_status":"closed","template":"","meta":{"_acf_changed":false,"_et_pb_use_builder":"on","_et_pb_old_content":"","_et_gb_content_width":"","inline_featured_image":false,"footnotes":""},"class_list":["post-2021","page","type-page","status-publish","hentry"],"acf":[],"yoast_head":"<!-- This site is optimized with the Yoast SEO plugin v27.4 - https:\/\/yoast.com\/product\/yoast-seo-wordpress\/ -->\n<title>Servizi - Smans Products<\/title>\n<meta name=\"robots\" content=\"index, follow, max-snippet:-1, max-image-preview:large, max-video-preview:-1\" \/>\n<link rel=\"canonical\" href=\"https:\/\/www.smans.nl\/it\/servizi\/\" \/>\n<meta property=\"og:locale\" content=\"it_IT\" \/>\n<meta property=\"og:type\" content=\"article\" \/>\n<meta property=\"og:title\" content=\"Servizi - Smans Products\" \/>\n<meta property=\"og:description\" content=\"Il sistema di tubazioni \u00e8 pronto per l&#039;uso Per completare il suo sistema di tubazioni o qualunque cosa che gli serva. Questo \u00e8 l&#039;obiettivo di Smans Products. Ecco perch\u00e9 forniamo tutti gli accessori per tubi: adattatori, traverse e gomiti in PVC, PE e PP. Sta cercando qualcosa che non esiste ancora? Realizziamo per Lei, [&hellip;]\" \/>\n<meta property=\"og:url\" content=\"https:\/\/www.smans.nl\/it\/servizi\/\" \/>\n<meta property=\"og:site_name\" content=\"Smans Products\" \/>\n<meta property=\"article:modified_time\" content=\"2019-01-02T12:30:12+00:00\" \/>\n<meta name=\"twitter:card\" content=\"summary_large_image\" \/>\n<meta name=\"twitter:label1\" content=\"Tempo di lettura stimato\" \/>\n\t<meta name=\"twitter:data1\" content=\"1 minuto\" \/>\n<script type=\"application\/ld+json\" class=\"yoast-schema-graph\">{\"@context\":\"https:\\\/\\\/schema.org\",\"@graph\":[{\"@type\":\"WebPage\",\"@id\":\"https:\\\/\\\/www.smans.nl\\\/it\\\/servizi\\\/\",\"url\":\"https:\\\/\\\/www.smans.nl\\\/it\\\/servizi\\\/\",\"name\":\"Servizi - Smans Products\",\"isPartOf\":{\"@id\":\"https:\\\/\\\/www.smans.nl\\\/ru\\\/#website\"},\"datePublished\":\"2019-01-02T12:29:02+00:00\",\"dateModified\":\"2019-01-02T12:30:12+00:00\",\"breadcrumb\":{\"@id\":\"https:\\\/\\\/www.smans.nl\\\/it\\\/servizi\\\/#breadcrumb\"},\"inLanguage\":\"it-IT\",\"potentialAction\":[{\"@type\":\"ReadAction\",\"target\":[\"https:\\\/\\\/www.smans.nl\\\/it\\\/servizi\\\/\"]}]},{\"@type\":\"BreadcrumbList\",\"@id\":\"https:\\\/\\\/www.smans.nl\\\/it\\\/servizi\\\/#breadcrumb\",\"itemListElement\":[{\"@type\":\"ListItem\",\"position\":1,\"name\":\"Home\",\"item\":\"https:\\\/\\\/www.smans.nl\\\/it\\\/\"},{\"@type\":\"ListItem\",\"position\":2,\"name\":\"Servizi\"}]},{\"@type\":\"WebSite\",\"@id\":\"https:\\\/\\\/www.smans.nl\\\/ru\\\/#website\",\"url\":\"https:\\\/\\\/www.smans.nl\\\/ru\\\/\",\"name\":\"Smans Products\",\"description\":\"\",\"potentialAction\":[{\"@type\":\"SearchAction\",\"target\":{\"@type\":\"EntryPoint\",\"urlTemplate\":\"https:\\\/\\\/www.smans.nl\\\/ru\\\/?s={search_term_string}\"},\"query-input\":{\"@type\":\"PropertyValueSpecification\",\"valueRequired\":true,\"valueName\":\"search_term_string\"}}],\"inLanguage\":\"it-IT\"}]}<\/script>\n<!-- \/ Yoast SEO plugin. -->","yoast_head_json":{"title":"Servizi - Smans Products","robots":{"index":"index","follow":"follow","max-snippet":"max-snippet:-1","max-image-preview":"max-image-preview:large","max-video-preview":"max-video-preview:-1"},"canonical":"https:\/\/www.smans.nl\/it\/servizi\/","og_locale":"it_IT","og_type":"article","og_title":"Servizi - Smans Products","og_description":"Il sistema di tubazioni \u00e8 pronto per l'uso Per completare il suo sistema di tubazioni o qualunque cosa che gli serva. Questo \u00e8 l'obiettivo di Smans Products. Ecco perch\u00e9 forniamo tutti gli accessori per tubi: adattatori, traverse e gomiti in PVC, PE e PP. Sta cercando qualcosa che non esiste ancora? Realizziamo per Lei, [&hellip;]","og_url":"https:\/\/www.smans.nl\/it\/servizi\/","og_site_name":"Smans Products","article_modified_time":"2019-01-02T12:30:12+00:00","twitter_card":"summary_large_image","twitter_misc":{"Tempo di lettura stimato":"1 minuto"},"schema":{"@context":"https:\/\/schema.org","@graph":[{"@type":"WebPage","@id":"https:\/\/www.smans.nl\/it\/servizi\/","url":"https:\/\/www.smans.nl\/it\/servizi\/","name":"Servizi - Smans Products","isPartOf":{"@id":"https:\/\/www.smans.nl\/ru\/#website"},"datePublished":"2019-01-02T12:29:02+00:00","dateModified":"2019-01-02T12:30:12+00:00","breadcrumb":{"@id":"https:\/\/www.smans.nl\/it\/servizi\/#breadcrumb"},"inLanguage":"it-IT","potentialAction":[{"@type":"ReadAction","target":["https:\/\/www.smans.nl\/it\/servizi\/"]}]},{"@type":"BreadcrumbList","@id":"https:\/\/www.smans.nl\/it\/servizi\/#breadcrumb","itemListElement":[{"@type":"ListItem","position":1,"name":"Home","item":"https:\/\/www.smans.nl\/it\/"},{"@type":"ListItem","position":2,"name":"Servizi"}]},{"@type":"WebSite","@id":"https:\/\/www.smans.nl\/ru\/#website","url":"https:\/\/www.smans.nl\/ru\/","name":"Smans Products","description":"","potentialAction":[{"@type":"SearchAction","target":{"@type":"EntryPoint","urlTemplate":"https:\/\/www.smans.nl\/ru\/?s={search_term_string}"},"query-input":{"@type":"PropertyValueSpecification","valueRequired":true,"valueName":"search_term_string"}}],"inLanguage":"it-IT"}]}},"_links":{"self":[{"href":"https:\/\/www.smans.nl\/it\/wp-json\/wp\/v2\/pages\/2021","targetHints":{"allow":["GET"]}}],"collection":[{"href":"https:\/\/www.smans.nl\/it\/wp-json\/wp\/v2\/pages"}],"about":[{"href":"https:\/\/www.smans.nl\/it\/wp-json\/wp\/v2\/types\/page"}],"author":[{"embeddable":true,"href":"https:\/\/www.smans.nl\/it\/wp-json\/wp\/v2\/users\/101015"}],"replies":[{"embeddable":true,"href":"https:\/\/www.smans.nl\/it\/wp-json\/wp\/v2\/comments?post=2021"}],"version-history":[{"count":2,"href":"https:\/\/www.smans.nl\/it\/wp-json\/wp\/v2\/pages\/2021\/revisions"}],"predecessor-version":[{"id":2023,"href":"https:\/\/www.smans.nl\/it\/wp-json\/wp\/v2\/pages\/2021\/revisions\/2023"}],"wp:attachment":[{"href":"https:\/\/www.smans.nl\/it\/wp-json\/wp\/v2\/media?parent=2021"}],"curies":[{"name":"wp","href":"https:\/\/api.w.org\/{rel}","templated":true}]}}